{"id":90,"date":"2016-03-23T19:30:18","date_gmt":"2016-03-23T19:30:18","guid":{"rendered":"http:\/\/oferta.zspczarnkow.edu.pl\/?page_id=90"},"modified":"2022-03-02T13:07:10","modified_gmt":"2022-03-02T12:07:10","slug":"dlaczego-warto-wybrac-gorke","status":"publish","type":"page","link":"https:\/\/oferta.zspczarnkow.edu.pl\/","title":{"rendered":"Dlaczego &#8220;G\u00f3rka&#8221;?"},"content":{"rendered":"<h3 style=\"text-align: justify;\"><span style=\"color: #1a38b0;\"><strong>Zesp\u00f3\u0142 Szk\u00f3\u0142 im. J\u00f3zefa Nojego w Czarnkowie to szko\u0142a przyjazna, nowoczesna i tw\u00f3rcza.<\/strong><\/span><\/h3>\n<hr \/>\n<h3 style=\"text-align: justify;\"><span style=\"color: #1a38b0;\"><strong>Na wsp\u00f3\u0142czesnej szkole spoczywa obowi\u0105zek podejmowania wci\u0105\u017c nowych przedsi\u0119wzi\u0119\u0107, mog\u0105cych sprosta\u0107 nie tylko aktualnym spo\u0142ecznym oczekiwaniom, ale i zainteresowaniom ucznia. Dzi\u0119ki licznym projektom edukacyjnym uczniowie szko\u0142y maj\u0105 mo\u017cliwo\u015b\u0107 odbywania wakacyjnych p\u0142atnych sta\u017cy\u00a0 w specjalistycznych firmach bran\u017cowych.\u00a0 <\/strong><\/span><\/h3>\n<hr \/>\n<h3 style=\"text-align: justify;\"><span style=\"color: #1a38b0;\">Baza szko\u0142y pozwala na prowadzenie zaj\u0119\u0107 w systemie jednozmianowym.<\/span><\/h3>\n<hr \/>\n<h3 style=\"text-align: justify;\"><span style=\"color: #1a38b0;\">Poza standardowym wyposa\u017ceniem szko\u0142a dysponuje:<\/span><\/h3>\n<h4 style=\"text-align: justify;\"><span style=\"color: #1a38b0;\">\u2192 pracowniami multimedialnymi,<\/span><\/h4>\n<h4 style=\"text-align: justify;\"><span style=\"color: #1a38b0;\">\u2192 centrum bibliotecznym,<\/span><\/h4>\n<h4 style=\"text-align: justify;\"><span style=\"color: #1a38b0;\">\u2192 Orlikiem wraz z kompleksem boisk,<\/span><\/h4>\n<h4 style=\"text-align: justify;\"><span style=\"color: #1a38b0;\">\u2192 salami gimnastycznymi,<\/span><\/h4>\n<h4 style=\"text-align: justify;\"><span style=\"color: #1a38b0;\">\u2192 laboratoriami ECDL,<\/span><\/h4>\n<h4 style=\"text-align: justify;\"><span style=\"color: #1a38b0;\">\u2192 tablicami interaktywnymi,<\/span><\/h4>\n<h4 style=\"text-align: justify;\"><span style=\"color: #1a38b0;\">\u2192 specjalistycznymi pracowniami przedmiotowymi.<\/span><\/h4>\n<hr \/>\n<h3 style=\"text-align: justify;\"><span style=\"color: #1a38b0;\">SUKCESY ZAWODOWE SZKO\u0141Y<\/span><\/h3>\n<h4><span style=\"color: #1a38b0;\">\u2192 Szko\u0142a dla pracodawc\u00f3w, pracodawcy dla szko\u0142y <br \/><\/span><\/h4>\n<h4><span style=\"color: #1a38b0;\">\u2192 Br\u0105zowa Tarcza Technikum w og\u00f3lnopolskim rankingu Perspektywy\u00a0 <\/span><\/h4>\n<h4><span style=\"color: #1a38b0;\">\u2192 Wielkopolska Szko\u0142a Roku <br \/><\/span><\/h4>\n<h4><span style=\"color: #1a38b0;\">\u2192 Odznaka Honorowa za zas\u0142ugi dla Wojew\u00f3dztwa Wielkopolskiego <br \/><\/span><\/h4>\n<h4><span style=\"color: #1a38b0;\">\u2192 Znak Jako\u015bci Inter@klasa <br \/><\/span><\/h4>\n<h4><span style=\"color: #1a38b0;\">\u2192 Certyfikat akredytacji Polskiej Sieci Kszta\u0142cenia Modu\u0142owego <br \/><\/span><\/h4>\n<h4><span style=\"color: #1a38b0;\">\u2192 Mi\u0119dzynarodowy certyfikat VCC (Vocational Competence Certyficate)<\/span><\/h4>\n<h4><span style=\"color: #1a38b0;\">\u2192 Certyfikat Wiarygodne Technikum <br \/><\/span><\/h4>\n<h4><span style=\"color: #1a38b0;\">\u2192 Tytu\u0142 \u201enajaktywniejszej szko\u0142y w programie \u201eDzie\u0144 Przedsi\u0119biorczo\u015bci\u201d <\/span><\/h4>\n<h4><span style=\"color: #1a38b0;\">\u2192 Tytu\u0142 \u201eSrebrny Wilk\u201d i Certyfikat MT&amp;DC <br \/><\/span><\/h4>\n<h4><span style=\"color: #1a38b0;\">\u2192 Olimpiada Kreatywno\u015bci &#8211; laureaci oraz Finali\u015bci w etapie centralnym<\/span><\/h4>\n<h4><span style=\"color: #1a38b0;\">\u2192 Olimpiada Innowacji Technicznych i Wynalazczo\u015bci \u2013 Blok A: Kategoria R \u2013 pomys\u0142 techniczny (3 miejsce w finale centralnym)<\/span><\/h4>\n<h4><span style=\"color: #1a38b0;\">\u2192 Olimpiada Innowacji Technicznych i Wynalazczo\u015bci \u2013 Blok B (5 miejsce w finale centralnym)<\/span><\/h4>\n<h4><span style=\"color: #1a38b0;\">\u2192 I Olimpiada Inicjatyw Spo\u0142ecznych \u201eZwolnieni z teorii\u201d &#8211; Projekt \u201eAnio\u0142owie \u017bycia\u201d (2 miejsce w finale centralnym)<\/span><\/h4>\n<h4><span style=\"color: #1a38b0;\">\u2192 VIII Og\u00f3lnopolski Konkurs Wiedzy o Ergonomii i Bezpiecze\u0144stwie Pracy w Rolnictwie (udzia\u0142 w finale centralnym)<\/span><\/h4>\n<h4 style=\"text-align: justify;\"><span style=\"color: #1a38b0;\">\u00a0<\/span><\/h4>\n\n\n<p><\/p>\n","protected":false},"excerpt":{"rendered":"<p>Zesp\u00f3\u0142 Szk\u00f3\u0142 im. J\u00f3zefa Nojego w Czarnkowie to szko\u0142a przyjazna, nowoczesna i tw\u00f3rcza. Na wsp\u00f3\u0142czesnej szkole spoczywa obowi\u0105zek podejmowania wci\u0105\u017c nowych przedsi\u0119wzi\u0119\u0107, mog\u0105cych sprosta\u0107 nie tylko aktualnym spo\u0142ecznym oczekiwaniom, ale i zainteresowaniom ucznia. Dzi\u0119ki licznym projektom edukacyjnym uczniowie szko\u0142y maj\u0105 mo\u017cliwo\u015b\u0107 odbywania wakacyjnych p\u0142atnych sta\u017cy\u00a0 w specjalistycznych firmach bran\u017cowych.\u00a0 Baza szko\u0142y pozwala na prowadzenie zaj\u0119\u0107 [&hellip;]<\/p>\n","protected":false},"author":2,"featured_media":0,"parent":0,"menu_order":0,"comment_status":"closed","ping_status":"closed","template":"","meta":{"footnotes":""},"_links":{"self":[{"href":"https:\/\/oferta.zspczarnkow.edu.pl\/index.php?rest_route=\/wp\/v2\/pages\/90"}],"collection":[{"href":"https:\/\/oferta.zspczarnkow.edu.pl\/index.php?rest_route=\/wp\/v2\/pages"}],"about":[{"href":"https:\/\/oferta.zspczarnkow.edu.pl\/index.php?rest_route=\/wp\/v2\/types\/page"}],"author":[{"embeddable":true,"href":"https:\/\/oferta.zspczarnkow.edu.pl\/index.php?rest_route=\/wp\/v2\/users\/2"}],"replies":[{"embeddable":true,"href":"https:\/\/oferta.zspczarnkow.edu.pl\/index.php?rest_route=%2Fwp%2Fv2%2Fcomments&post=90"}],"version-history":[{"count":21,"href":"https:\/\/oferta.zspczarnkow.edu.pl\/index.php?rest_route=\/wp\/v2\/pages\/90\/revisions"}],"predecessor-version":[{"id":528,"href":"https:\/\/oferta.zspczarnkow.edu.pl\/index.php?rest_route=\/wp\/v2\/pages\/90\/revisions\/528"}],"wp:attachment":[{"href":"https:\/\/oferta.zspczarnkow.edu.pl\/index.php?rest_route=%2Fwp%2Fv2%2Fmedia&parent=90"}],"curies":[{"name":"wp","href":"https:\/\/api.w.org\/{rel}","templated":true}]}}