{"id":87,"date":"2016-03-23T19:28:09","date_gmt":"2016-03-23T19:28:09","guid":{"rendered":"http:\/\/oferta.zspczarnkow.edu.pl\/?page_id=87"},"modified":"2023-02-23T12:00:32","modified_gmt":"2023-02-23T11:00:32","slug":"rekrutacja-na-rok-szkolny-20162017","status":"publish","type":"page","link":"https:\/\/oferta.zspczarnkow.edu.pl\/?page_id=87","title":{"rendered":"REKRUTACJA 2023\/2024"},"content":{"rendered":"<h2 style=\"text-align: center;\"><span style=\"font-family: arial, helvetica, sans-serif; color: #1a38b0;\">Terminy post\u0119powania rekrutacyjnego i terminy sk\u0142adania dokument\u00f3w<\/span><\/h2>\n<p><span style=\"color: #1a38b0;\"><strong><span style=\"font-family: arial, helvetica, sans-serif;\"><em>\u2192 <\/em><\/span><\/strong><span style=\"font-family: arial, helvetica, sans-serif;\"><b><b>od 15 maja do 16 czerwca 2023 r. &#8211; <\/b><\/b>z\u0142o\u017cenie podania o przyj\u0119cie do szko\u0142y<br \/><em><strong>\u2192 <\/strong><\/em><\/span><span style=\"font-family: arial, helvetica, sans-serif;\"><b><b>od 23 czerwca do 10 lipca 2023 r. godz. 15.00 &#8211; <\/b><\/b>uzupe\u0142nienie podania o za\u015bwiadczenie o wynikach egzaminu \u00f3smoklasisty i\u00a0 \u015bwiadectwo uko\u0144czenia szko\u0142y podstawowej<br \/><em><strong>\u2192 17\u00a0<\/strong><\/em><\/span><span style=\"font-family: arial, helvetica, sans-serif;\"><b><b> lipca 2023 r. godz. 12.00 &#8211; <\/b><\/b>og\u0142oszenie listy kandydat\u00f3w zakwalifikowanych i kandydat\u00f3w niezakwalifikowanych<br \/><\/span><span style=\"font-family: arial, helvetica, sans-serif;\"><em><strong>\u2192<\/strong> <\/em><b><b>od 17 do 21 lipca 2023 r. godz. 15.00 &#8211; <\/b><\/b>potwierdzenie woli przyj\u0119cia w postaci przed\u0142o\u017cenia orygina\u0142u \u015bwiadectwa i za\u015bwiadczenia o wynikach egzaminu zewn\u0119trznego<br \/><\/span><span style=\"font-family: arial, helvetica, sans-serif;\"><em><strong>\u2192 <\/strong><\/em><\/span><span style=\"font-family: arial, helvetica, sans-serif;\"><b><b>24 lipca 2023 r. godz. 12.00 &#8211; <\/b><\/b>og\u0142oszenie listy kandydat\u00f3w przyj\u0119tych i kandydat\u00f3w nieprzyj\u0119tych<\/span><\/span><\/p>\n<h4 style=\"text-align: justify;\"><span style=\"color: #1a38b0;\">\u00a0<\/span><span style=\"color: #1a38b0;\"><span style=\"font-family: arial, helvetica, sans-serif;\">Wymagane dokumenty:<\/span><\/span><\/h4>\n<p><span style=\"font-family: arial, helvetica, sans-serif; color: #1a38b0;\"><em>\u2192 podanie,<\/em><\/span><br \/><span style=\"font-family: arial, helvetica, sans-serif; color: #1a38b0;\"> <em> \u2192 dwie fotografie (podpisane),<\/em><\/span><br \/><span style=\"font-family: arial, helvetica, sans-serif; color: #1a38b0;\"> <em>\u2192 za\u015bwiadczenie lekarskie o braku przeciwwskaza\u0144 do wykonywania wybranego zawodu,<\/em><\/span><br \/><span style=\"font-family: arial, helvetica, sans-serif; color: #1a38b0;\"> <em><span style=\"font-family: arial, helvetica, sans-serif;\">\u2192 w przypadku m\u0142odocianych pracownik\u00f3w<\/span> &#8211; karta zg\u0142oszenia podpisana przez pracodawc\u0119,<\/em><\/span><br \/><span style=\"font-family: arial, helvetica, sans-serif; color: #1a38b0;\"> <em>\u2192 orygina\u0142 \u015bwiadectwa uko\u0144czenia szko\u0142y podstawowej, za\u015bwiadczenie o wynikach egzaminu \u00f3smoklasisty,<\/em><\/span><br \/><span style=\"font-family: arial, helvetica, sans-serif; color: #1a38b0;\"> <em>\u2192 orzeczenie Poradni Psychologiczno-Pedagogicznej (w przypadku jego posiadania),<\/em><\/span><br \/><span style=\"font-family: arial, helvetica, sans-serif; color: #1a38b0;\"> <em>\u2192 karta zdrowia,<\/em><\/span><br \/><span style=\"font-family: arial, helvetica, sans-serif; color: #1a38b0;\"> <em>\u2192 skr\u00f3cony odpis aktu urodzenia.<\/em><\/span><\/p>\n<p style=\"text-align: justify;\"><span style=\"color: #1a38b0;\"><em><span style=\"font-family: arial, helvetica, sans-serif;\">Dane kontaktowe:<\/span><\/em><\/span><br \/><span style=\"color: #1a38b0;\"> <em><span style=\"font-family: arial, helvetica, sans-serif;\">Zesp\u00f3\u0142 Szk\u00f3\u0142 im. J\u00f3zefa Nojego w Czarnkowie<\/span><\/em><\/span><br \/><span style=\"color: #1a38b0;\"> <em><span style=\"font-family: arial, helvetica, sans-serif;\">ul. Chodzieska 29, 64 -700 Czarnk\u00f3w<\/span><\/em><\/span><br \/><span style=\"color: #1a38b0;\"> <em><span style=\"font-family: arial, helvetica, sans-serif;\">sekretariat@zsczarnkow.edu.pl<br \/><\/span><\/em><\/span><span style=\"color: #1a38b0;\"><em><span style=\"font-family: arial, helvetica, sans-serif;\"><a style=\"color: #1a38b0;\" title=\"Podanie\" href=\"http:\/\/oferta.zspczarnkow.edu.pl\/wp-content\/uploads\/2020\/03\/podanie_do_szkoly_2020.pdf\"><strong>Skan podania mo\u017cna przes\u0142a\u0107 na adres mailowy szko\u0142y\u00a0<\/strong><\/a><\/span><\/em><\/span><\/p>\n<h5><span style=\"color: #1a38b0;\">\u00a0<span style=\"font-family: andale mono, monospace;\"><img loading=\"lazy\" decoding=\"async\" class=\"alignnone\" src=\"http:\/\/oferta.zspczarnkow.edu.pl\/wp-content\/uploads\/2016\/03\/pdf-download-icon.png\" alt=\"\" width=\"58\" height=\"58\" \/><\/span><\/span><a href=\"http:\/\/oferta.zspczarnkow.edu.pl\/wp-content\/uploads\/2023\/02\/podanie_do_szkoly_2023.pdf\" target=\"_blank\" rel=\"noopener\"><span style=\"color: #333399;\"><em>Podanie do szko\u0142y dziennej (technikum, BSI)<\/em><\/span><\/a><\/h5>\n<h5><span style=\"color: #1a38b0;\"><img loading=\"lazy\" decoding=\"async\" class=\"alignnone wp-image-162\" title=\"Podanie do internatu\" src=\"http:\/\/oferta.zspczarnkow.edu.pl\/wp-content\/uploads\/2016\/03\/pdf-download-icon.png\" alt=\"pdf-download-icon\" width=\"60\" height=\"60\" srcset=\"https:\/\/oferta.zspczarnkow.edu.pl\/wp-content\/uploads\/2016\/03\/pdf-download-icon.png 300w, https:\/\/oferta.zspczarnkow.edu.pl\/wp-content\/uploads\/2016\/03\/pdf-download-icon-150x150.png 150w\" sizes=\"(max-width: 60px) 100vw, 60px\" \/><em><span style=\"font-family: arial, helvetica, sans-serif;\"><a style=\"color: #1a38b0;\" href=\"http:\/\/oferta.zspczarnkow.edu.pl\/wp-content\/uploads\/2020\/05\/Zobowi\u0105zanie-pracodawcy.pdf\" target=\"_blank\" rel=\"noopener\">Zobowi\u0105zanie pracodawcy &#8211; dotyczy kandydat\u00f3w do BSI<\/a><\/span><\/em><\/span><\/h5>\n<h5><span style=\"color: #1a38b0;\"><a style=\"color: #1a38b0;\" href=\"http:\/\/oferta.zspczarnkow.edu.pl\/wp-content\/uploads\/2016\/03\/pdf-download-icon.png\" rel=\"attachment wp-att-162\"><img loading=\"lazy\" decoding=\"async\" class=\"alignnone wp-image-162\" src=\"http:\/\/oferta.zspczarnkow.edu.pl\/wp-content\/uploads\/2016\/03\/pdf-download-icon.png\" alt=\"pdf-download-icon\" width=\"61\" height=\"61\" srcset=\"https:\/\/oferta.zspczarnkow.edu.pl\/wp-content\/uploads\/2016\/03\/pdf-download-icon.png 300w, https:\/\/oferta.zspczarnkow.edu.pl\/wp-content\/uploads\/2016\/03\/pdf-download-icon-150x150.png 150w\" sizes=\"(max-width: 61px) 100vw, 61px\" \/><\/a><span style=\"font-family: arial, helvetica, sans-serif;\"><em><a style=\"color: #1a38b0;\" href=\"http:\/\/oferta.zspczarnkow.edu.pl\/wp-content\/uploads\/2020\/04\/Podanie-internatu_2020.pdf\" target=\"_blank\" rel=\"noopener\">Podanie do internatu<\/a><\/em><\/span><\/span><\/h5>\n<h5><span style=\"color: #1a38b0;\"><span style=\"font-family: andale mono, monospace;\"><img loading=\"lazy\" decoding=\"async\" class=\"alignnone\" src=\"http:\/\/oferta.zspczarnkow.edu.pl\/wp-content\/uploads\/2016\/03\/pdf-download-icon.png\" alt=\"\" width=\"62\" height=\"62\" \/><\/span><span style=\"font-family: arial, helvetica, sans-serif;\"><em><a style=\"color: #1a38b0;\" href=\"http:\/\/oferta.zspczarnkow.edu.pl\/wp-content\/uploads\/2021\/03\/Podanie-do-LO-dla-Doros\u0142ych-2021-2022.pdf\" target=\"_blank\" rel=\"noopener\">Podanie do szko\u0142y zaocznej (Liceum Og\u00f3lnokszta\u0142c\u0105ce dla Doros\u0142ych)<\/a><\/em><\/span><\/span><\/h5>\n<h5><span style=\"color: #1a38b0;\"><span style=\"font-family: andale mono, monospace;\"><img loading=\"lazy\" decoding=\"async\" class=\"alignnone\" src=\"http:\/\/oferta.zspczarnkow.edu.pl\/wp-content\/uploads\/2016\/03\/pdf-download-icon.png\" alt=\"\" width=\"60\" height=\"60\" \/><\/span><span style=\"font-family: arial, helvetica, sans-serif;\"><em><a style=\"color: #1a38b0;\" href=\"http:\/\/oferta.zspczarnkow.edu.pl\/wp-content\/uploads\/2020\/05\/podanie-KKZ-2020.pdf\" target=\"_blank\" rel=\"noopener\">Podanie na kwalifikacyjny kurs zawodowy<\/a><\/em><\/span><\/span><\/h5>\n<h5><img loading=\"lazy\" decoding=\"async\" class=\"alignnone\" src=\"http:\/\/oferta.zspczarnkow.edu.pl\/wp-content\/uploads\/2016\/03\/pdf-download-icon.png\" alt=\"\" width=\"63\" height=\"63\" \/><a href=\"http:\/\/oferta.zspczarnkow.edu.pl\/wp-content\/uploads\/2023\/02\/REGULAMIN-REKRUTACJI-2023-2024.pdf\" target=\"_blank\" rel=\"noopener\"><span style=\"color: #333399;\"><em>Regulamin rekrutacji<\/em><\/span><\/a><\/h5>\n<h4>\u00a0<\/h4>\n<h4><span style=\"color: #333399;\">Przedmioty wybrane do punktowania:<\/span><\/h4>\n<ul>\n<li><span style=\"color: #333399;\"><strong>TECHNIKUM w zawodzie technik ekonomista<\/strong> &#8211; j\u0119zyk polski, j\u0119zyk obcy, matematyka, informatyka;<\/span><\/li>\n<li><span style=\"color: #333399;\"><strong>TECHNIKUM w zawodzie technik handlowiec<\/strong> \u2013 j\u0119zyk polski, j\u0119zyk obcy, matematyka, geografia;<\/span><\/li>\n<li><span style=\"color: #333399;\"><strong>TECHNIKUM w zawodzie technik \u017cywienia i us\u0142ug gastronomicznych<\/strong> \u2013 j\u0119zyk polski, j\u0119zyk obcy, matematyka, biologia;<\/span><\/li>\n<li><span style=\"color: #333399;\"><strong>TECHNIKUM w zawodzie technik logistyk<\/strong> &#8211; j\u0119zyk polski, j\u0119zyk obcy, matematyka, geografia;<\/span><\/li>\n<li><span style=\"color: #333399;\"><strong>TECHNIKUM w zawodzie technik mechatronik<\/strong> &#8211; j\u0119zyk polski, j\u0119zyk obcy, matematyka, fizyka;<\/span><\/li>\n<li><span style=\"color: #333399;\"><strong>TECHNIKUM w zawodzie technik reklamy<\/strong> &#8211; j\u0119zyk polski, j\u0119zyk obcy, matematyka, informatyka;<\/span><\/li>\n<li><span style=\"color: #333399;\"><strong>TECHNIKUM w zawodzie technik informatyk <\/strong>\u2013 j\u0119zyk polski, j\u0119zyk obcy, matematyka , informatyka;<\/span><\/li>\n<li><span style=\"color: #333399;\"><strong>Bran\u017cowa Szko\u0142a I Stopnia<\/strong> \u2013 j\u0119zyk polski, j\u0119zyk obcy, matematyka, informatyka.<\/span><\/li>\n<\/ul>\n\n\n<figure class=\"wp-block-table is-style-stripes\"><table><tbody><tr><td><strong>Lp<\/strong><\/td><td><strong>Przedmioty, osi\u0105gni\u0119cia przeliczane na punkty<\/strong><\/td><td><strong>Punktacja<\/strong><\/td><\/tr><tr><td>1. &nbsp; &nbsp;<\/td><td>Liczbowo okre\u015blona <strong>ocena z&nbsp;j\u0119zyka polskiego<\/strong><br><em>celuj\u0105cy &#8211; 18 pkt., bardzo dobry &#8211; 17 pkt., dobry &#8211; 14 pkt.,<\/em> <em>dostateczny &#8211; 8 pkt., dopuszczaj\u0105cy &#8211; 2 pkt.<\/em><\/td><td>max 18 punkt\u00f3w<\/td><\/tr><tr><td>2.<\/td><td>Liczbowo okre\u015blona <strong>ocena z&nbsp;obowi\u0105zkowego j\u0119zyka obcego<\/strong><br><em>celuj\u0105cy- 18 pkt., bardzo dobry- 17 pkt., dobry &#8211; 14 pkt.,<\/em> <em>dostateczny &#8211; 8 pkt., dopuszczaj\u0105cy &#8211; 2 pkt.<\/em><\/td><td>max 18 punkt\u00f3w<\/td><\/tr><tr><td>3.<\/td><td>Liczbowo okre\u015blona <strong>ocena z&nbsp;matematyki<\/strong><br><em>celuj\u0105cy- 18 pkt., bardzo dobry- 17 pkt., dobry &#8211; 14 pkt.,<\/em> <em>&nbsp;dostateczny- 8 pkt., dopuszczaj\u0105cy &#8211; 2 pkt.<\/em><\/td><td>max 18 punkt\u00f3w<\/td><\/tr><tr><td>4.<\/td><td>Liczbowo okre\u015blona <strong>ocena z&nbsp;przedmiotu obowi\u0105zkowego wskazanego przez dyrektora szko\u0142y<\/strong><br><em>celuj\u0105cy- 18 pkt., bardzo dobry &#8211; 17 pkt., dobry &#8211; 14 pkt.,<\/em> <em>dostateczny &#8211; 8 pkt., dopuszczaj\u0105cy &#8211; 2 pkt.<\/em><\/td><td>max 18 punkt\u00f3w<\/td><\/tr><tr><td>5.<\/td><td>\u015awiadectwo z&nbsp;wyr\u00f3\u017cnieniem.<\/td><td>7 punkt\u00f3w<\/td><\/tr><tr><td>6.<\/td><td>Aktywno\u015bci kandydata&nbsp;na rzecz innych ludzi lub \u015brodowiska szkolnego, zw\u0142aszcza w&nbsp;formie wolontariatu.<\/td><td>3 punkty<\/td><\/tr><tr><td>7.<\/td><td>Dodatkowe osi\u0105gni\u0119cia.<\/td><td>18 punkt\u00f3w<\/td><\/tr><tr><td>8.<\/td><td>Egzamin \u00f3smoklasisty: <br>Wynik z j\u0119zyka polskiego (max 100%=35 pkt., wynik egzaminu mno\u017cy si\u0119 przez 0,35)<br>Wynik matematyki (max100%=35 pkt, wynik egzaminu mno\u017cy si\u0119 przez 0,35)<br>Wynik z j\u0119zyka obcego nowo\u017cytnego(max 100%=30 pkt., wynik egzaminu mno\u017cy si\u0119 przez 0,3)<\/td><td><br>max 35 pkt<br>max 35 pkt <br>max 30 pkt<\/td><\/tr><\/tbody><\/table><\/figure>\n\n\n\n<p><\/p>\n","protected":false},"excerpt":{"rendered":"<p>Terminy post\u0119powania rekrutacyjnego i terminy sk\u0142adania dokument\u00f3w \u2192 od 15 maja do 16 czerwca 2023 r. &#8211; z\u0142o\u017cenie podania o przyj\u0119cie do szko\u0142y\u2192 od 23 czerwca do 10 lipca 2023 r. godz. 15.00 &#8211; uzupe\u0142nienie podania o za\u015bwiadczenie o wynikach egzaminu \u00f3smoklasisty i\u00a0 \u015bwiadectwo uko\u0144czenia szko\u0142y podstawowej\u2192 17\u00a0 lipca 2023 r. godz. 12.00 &#8211; og\u0142oszenie [&hellip;]<\/p>\n","protected":false},"author":2,"featured_media":0,"parent":0,"menu_order":0,"comment_status":"closed","ping_status":"closed","template":"template-full-width.php","meta":{"footnotes":""},"_links":{"self":[{"href":"https:\/\/oferta.zspczarnkow.edu.pl\/index.php?rest_route=\/wp\/v2\/pages\/87"}],"collection":[{"href":"https:\/\/oferta.zspczarnkow.edu.pl\/index.php?rest_route=\/wp\/v2\/pages"}],"about":[{"href":"https:\/\/oferta.zspczarnkow.edu.pl\/index.php?rest_route=\/wp\/v2\/types\/page"}],"author":[{"embeddable":true,"href":"https:\/\/oferta.zspczarnkow.edu.pl\/index.php?rest_route=\/wp\/v2\/users\/2"}],"replies":[{"embeddable":true,"href":"https:\/\/oferta.zspczarnkow.edu.pl\/index.php?rest_route=%2Fwp%2Fv2%2Fcomments&post=87"}],"version-history":[{"count":119,"href":"https:\/\/oferta.zspczarnkow.edu.pl\/index.php?rest_route=\/wp\/v2\/pages\/87\/revisions"}],"predecessor-version":[{"id":667,"href":"https:\/\/oferta.zspczarnkow.edu.pl\/index.php?rest_route=\/wp\/v2\/pages\/87\/revisions\/667"}],"wp:attachment":[{"href":"https:\/\/oferta.zspczarnkow.edu.pl\/index.php?rest_route=%2Fwp%2Fv2%2Fmedia&parent=87"}],"curies":[{"name":"wp","href":"https:\/\/api.w.org\/{rel}","templated":true}]}}