{"id":29,"date":"2016-03-22T18:55:20","date_gmt":"2016-03-22T18:55:20","guid":{"rendered":"http:\/\/oferta.zspczarnkow.edu.pl\/?page_id=29"},"modified":"2022-03-03T13:30:19","modified_gmt":"2022-03-03T12:30:19","slug":"zasadnicza-szkola-zawodowa","status":"publish","type":"page","link":"https:\/\/oferta.zspczarnkow.edu.pl\/?page_id=29","title":{"rendered":"Bran\u017cowa Szko\u0142a I Stopnia"},"content":{"rendered":"<ul>\n<li><span style=\"color: #1a38b0;\">okres nauczania: 3 lata,<\/span><\/li>\n<li><span style=\"color: #1a38b0;\">KLASA PATRONACKA\u00a0 w zawodzie mechanik operator maszyn do produkcji drzewnej, stolarz, \u015blusarz, elektryk, praktyka zawodowa w firmie STEICO sp.\u00a0 z o.o. &#8211; uko\u0144czenie umo\u017cliwia uzyskanie kwalifikacji na polskim i niemieckim rynku pracy,<\/span><\/li>\n<li><span style=\"color: #1a38b0;\">oddzia\u0142y wielozawodowe dla m\u0142odocianych pracownik\u00f3w w zawodach: kucharz, \u015blusarz, fryzjer,<br \/>\n<\/span><\/li>\n<li><span style=\"color: #1a38b0;\">w zawodzie: rolnik \u2013 praktyka w gospodarstwach rolnych,<\/span><\/li>\n<li><span style=\"color: #1a38b0;\">w zawodzie \u015blusarz, operator obrabiarek skrawaj\u0105cych &#8211; mo\u017cliwo\u015b\u0107 odbycia praktyki w Fabryce Sprz\u0119tu Okr\u0119towego Meblomor S.A. i ALCO &#8211; MOT<em><strong><br \/>\n<\/strong><\/em><\/span><\/li>\n<li><span style=\"color: #1a38b0;\">uko\u0144czenie umo\u017cliwia dalsze kszta\u0142cenie w liceum og\u00f3lnokszta\u0142c\u0105cym dla doros\u0142ych, w trakcie kszta\u0142cenia ucze\u0144 nabywa\u00a0 kwalifikacje odpowiednie dla poszczeg\u00f3lnych zawod\u00f3w.<\/span><\/li>\n<\/ul>\n<h3><span style=\"color: #ffffff;\"><a style=\"color: #ffffff;\" href=\"http:\/\/oferta.zspczarnkow.edu.pl\/wp-content\/uploads\/2016\/03\/pdf-download-icon.png\" rel=\"attachment wp-att-162\"><img loading=\"lazy\" decoding=\"async\" class=\"alignnone wp-image-162\" src=\"http:\/\/oferta.zspczarnkow.edu.pl\/wp-content\/uploads\/2016\/03\/pdf-download-icon.png\" alt=\"pdf-download-icon\" width=\"89\" height=\"89\" srcset=\"https:\/\/oferta.zspczarnkow.edu.pl\/wp-content\/uploads\/2016\/03\/pdf-download-icon.png 300w, https:\/\/oferta.zspczarnkow.edu.pl\/wp-content\/uploads\/2016\/03\/pdf-download-icon-150x150.png 150w\" sizes=\"(max-width: 89px) 100vw, 89px\" \/><\/a>\u00a0\u00a0 <a style=\"color: #ffffff;\" href=\"http:\/\/oferta.zspczarnkow.edu.pl\/wp-content\/uploads\/2016\/03\/podanie_do_szkoly_2021.pdf\" target=\"_blank\" rel=\"noopener\"><span style=\"color: #1a38b0;\">Podanie do szko\u0142y<\/span><\/a><\/span><\/h3>\n<h3><span style=\"color: #1a38b0;\"><a style=\"color: #1a38b0;\" href=\"http:\/\/oferta.zspczarnkow.edu.pl\/wp-content\/uploads\/2016\/03\/pdf-download-icon.png\" rel=\"attachment wp-att-162\"><img loading=\"lazy\" decoding=\"async\" class=\"alignnone wp-image-162\" src=\"http:\/\/oferta.zspczarnkow.edu.pl\/wp-content\/uploads\/2016\/03\/pdf-download-icon.png\" alt=\"pdf-download-icon\" width=\"89\" height=\"89\" srcset=\"https:\/\/oferta.zspczarnkow.edu.pl\/wp-content\/uploads\/2016\/03\/pdf-download-icon.png 300w, https:\/\/oferta.zspczarnkow.edu.pl\/wp-content\/uploads\/2016\/03\/pdf-download-icon-150x150.png 150w\" sizes=\"(max-width: 89px) 100vw, 89px\" \/><\/a>\u00a0 <a style=\"color: #1a38b0;\" href=\"http:\/\/oferta.zspczarnkow.edu.pl\/wp-content\/uploads\/2020\/05\/Zobowi\u0105zanie-pracodawcy.pdf\" target=\"_blank\" rel=\"noopener\">Zobowi\u0105zanie pracodawcy<\/a><\/span><\/h3>\n<h4><span style=\"color: #1a38b0;\"><em><a style=\"color: #1a38b0;\" title=\"Podanie\" href=\"http:\/\/oferta.zspczarnkow.edu.pl\/wp-content\/uploads\/2020\/03\/podanie_do_szkoly_2020.pdf\"><strong>Skan dokument\u00f3w mo\u017cna przes\u0142a\u0107 na adres mailowy szko\u0142y sekretariat@zsczarnkow.edu.pl<\/strong><\/a><\/em><\/span><\/h4>\n","protected":false},"excerpt":{"rendered":"<p>okres nauczania: 3 lata, KLASA PATRONACKA\u00a0 w zawodzie mechanik operator maszyn do produkcji drzewnej, stolarz, \u015blusarz, elektryk, praktyka zawodowa w firmie STEICO sp.\u00a0 z o.o. &#8211; uko\u0144czenie umo\u017cliwia uzyskanie kwalifikacji na polskim i niemieckim rynku pracy, oddzia\u0142y wielozawodowe dla m\u0142odocianych pracownik\u00f3w w zawodach: kucharz, \u015blusarz, fryzjer, w zawodzie: rolnik \u2013 praktyka w gospodarstwach rolnych, w [&hellip;]<\/p>\n","protected":false},"author":1,"featured_media":0,"parent":0,"menu_order":0,"comment_status":"closed","ping_status":"closed","template":"template-full-width.php","meta":{"footnotes":""},"_links":{"self":[{"href":"https:\/\/oferta.zspczarnkow.edu.pl\/index.php?rest_route=\/wp\/v2\/pages\/29"}],"collection":[{"href":"https:\/\/oferta.zspczarnkow.edu.pl\/index.php?rest_route=\/wp\/v2\/pages"}],"about":[{"href":"https:\/\/oferta.zspczarnkow.edu.pl\/index.php?rest_route=\/wp\/v2\/types\/page"}],"author":[{"embeddable":true,"href":"https:\/\/oferta.zspczarnkow.edu.pl\/index.php?rest_route=\/wp\/v2\/users\/1"}],"replies":[{"embeddable":true,"href":"https:\/\/oferta.zspczarnkow.edu.pl\/index.php?rest_route=%2Fwp%2Fv2%2Fcomments&post=29"}],"version-history":[{"count":39,"href":"https:\/\/oferta.zspczarnkow.edu.pl\/index.php?rest_route=\/wp\/v2\/pages\/29\/revisions"}],"predecessor-version":[{"id":569,"href":"https:\/\/oferta.zspczarnkow.edu.pl\/index.php?rest_route=\/wp\/v2\/pages\/29\/revisions\/569"}],"wp:attachment":[{"href":"https:\/\/oferta.zspczarnkow.edu.pl\/index.php?rest_route=%2Fwp%2Fv2%2Fmedia&parent=29"}],"curies":[{"name":"wp","href":"https:\/\/api.w.org\/{rel}","templated":true}]}}